{"id":5791,"date":"2025-03-20T10:17:40","date_gmt":"2025-03-20T10:17:40","guid":{"rendered":"https:\/\/www.abn-cleanroomtechnology.com\/politique-de-confidentialite\/"},"modified":"2026-02-03T12:16:27","modified_gmt":"2026-02-03T12:16:27","slug":"politique-de-confidentialite","status":"publish","type":"page","link":"https:\/\/www.abn-cleanroomtechnology.com\/fr\/politique-de-confidentialite\/","title":{"rendered":"Politique de confidentialit\u00e9"},"content":{"rendered":"\t\t<div data-elementor-type=\"wp-page\" data-elementor-id=\"5791\" class=\"elementor elementor-5791 elementor-1641\" data-elementor-post-type=\"page\">\n\t\t\t\t<div class=\"elementor-element elementor-element-15f1d370 e-flex e-con-boxed e-con e-parent\" data-id=\"15f1d370\" data-element_type=\"container\" data-e-type=\"container\">\n\t\t\t\t\t<div class=\"e-con-inner\">\n\t\t<div class=\"elementor-element elementor-element-5d221e15 e-con-full e-flex e-con e-child\" data-id=\"5d221e15\" data-element_type=\"container\" data-e-type=\"container\" data-settings=\"{&quot;background_background&quot;:&quot;classic&quot;}\">\n\t\t\t\t<div class=\"elementor-element elementor-element-3e0f46f5 elementor-widget elementor-widget-heading\" data-id=\"3e0f46f5\" data-element_type=\"widget\" data-e-type=\"widget\" data-widget_type=\"heading.default\">\n\t\t\t\t\t<h1 class=\"elementor-heading-title elementor-size-default\">Politique de confidentialit\u00e9<\/h1>\t\t\t\t<\/div>\n\t\t\t\t<\/div>\n\t\t\t\t\t<\/div>\n\t\t\t\t<\/div>\n\t\t<div class=\"elementor-element elementor-element-5175f66a e-flex e-con-boxed e-con e-parent\" data-id=\"5175f66a\" data-element_type=\"container\" data-e-type=\"container\">\n\t\t\t\t\t<div class=\"e-con-inner\">\n\t\t\t\t<div class=\"elementor-element elementor-element-72b45f5d elementor-widget elementor-widget-heading\" data-id=\"72b45f5d\" data-element_type=\"widget\" data-e-type=\"widget\" data-widget_type=\"heading.default\">\n\t\t\t\t\t<h2 class=\"elementor-heading-title elementor-size-default\">Politique de confidentialit\u00e9<\/h2>\t\t\t\t<\/div>\n\t\t\t\t<div class=\"elementor-element elementor-element-411e9618 elementor-widget elementor-widget-text-editor\" data-id=\"411e9618\" data-element_type=\"widget\" data-e-type=\"widget\" data-widget_type=\"text-editor.default\">\n\t\t\t\t\t\t\t\t\t<p data-start=\"248\" data-end=\"267\">20\/03\/2025<\/p>\n<p data-start=\"248\" data-end=\"267\"><strong data-start=\"248\" data-end=\"267\">1. Introduction<\/strong><\/p>\n<p data-start=\"269\" data-end=\"506\">ABN Cleanroom Technology NV (\u00ab\u00a0nous\u00a0\u00bb, \u00ab\u00a0notre\u00a0\u00bb ou \u00ab\u00a0nos\u00a0\u00bb) s&rsquo;engage \u00e0 prot\u00e9ger votre vie priv\u00e9e. La pr\u00e9sente politique de confidentialit\u00e9 d\u00e9crit la mani\u00e8re dont nous recueillons, utilisons et prot\u00e9geons vos informations personnelles lorsque vous visitez notre site web ou utilisez nos services. <\/p>\n<p data-start=\"508\" data-end=\"530\"><strong data-start=\"508\" data-end=\"530\">2. Collecte des donn\u00e9es<\/strong><\/p>\n<p data-start=\"532\" data-end=\"674\">Nous pouvons recueillir des donn\u00e9es personnelles que vous nous fournissez volontairement, telles que votre nom, votre adresse \u00e9lectronique, votre num\u00e9ro de t\u00e9l\u00e9phone et les coordonn\u00e9es de votre entreprise lorsque vous.. :<\/p>\n<ul data-start=\"676\" data-end=\"786\">\n<li data-start=\"676\" data-end=\"700\">Remplir les formulaires de contact<\/li>\n<li data-start=\"701\" data-end=\"727\">S&rsquo;abonner aux bulletins d&rsquo;information<\/li>\n<li data-start=\"728\" data-end=\"759\">Demande d&rsquo;information ou de devis<\/li>\n<li data-start=\"760\" data-end=\"786\">Participez \u00e0 nos services<\/li>\n<\/ul>\n<p data-start=\"788\" data-end=\"1043\">En outre, nous pouvons collecter des donn\u00e9es non personnelles, y compris les types de navigateurs, les adresses IP et le nom de domaine des sites web par lesquels vous avez acc\u00e9d\u00e9 \u00e0 notre site. Ces informations sont agr\u00e9g\u00e9es et utilis\u00e9es pour am\u00e9liorer la fonctionnalit\u00e9 de notre site web et l&rsquo;exp\u00e9rience de l&rsquo;utilisateur. <\/p>\n<p data-start=\"1045\" data-end=\"1072\"><strong data-start=\"1045\" data-end=\"1072\">3. Utilisation des donn\u00e9es \u00e0 caract\u00e8re personnel<\/strong><\/p>\n<p data-start=\"1074\" data-end=\"1142\">Les donn\u00e9es personnelles que nous collectons peuvent \u00eatre utilis\u00e9es aux fins suivantes :<\/p>\n<ul data-start=\"1144\" data-end=\"1362\">\n<li data-start=\"1144\" data-end=\"1174\">R\u00e9pondre \u00e0 vos demandes<\/li>\n<li data-start=\"1175\" data-end=\"1220\">Fournir les services ou les informations demand\u00e9s<\/li>\n<li data-start=\"1221\" data-end=\"1290\">Envoi de bulletins d&rsquo;information ou de mat\u00e9riel promotionnel (si vous y avez consenti)<\/li>\n<li data-start=\"1291\" data-end=\"1327\">Am\u00e9liorer notre site web et nos services<\/li>\n<li data-start=\"1328\" data-end=\"1362\">Respecter les obligations l\u00e9gales<\/li>\n<\/ul>\n<p data-start=\"1364\" data-end=\"1383\"><strong data-start=\"1364\" data-end=\"1383\">4. Partage des donn\u00e9es<\/strong><\/p>\n<p data-start=\"1385\" data-end=\"1700\">Nous ne vendons pas, n&rsquo;\u00e9changeons pas et ne louons pas vos donn\u00e9es personnelles \u00e0 des tiers. Toutefois, nous pouvons partager vos informations avec des partenaires de confiance qui nous aident \u00e0 exploiter notre site web et \u00e0 mener nos activit\u00e9s, \u00e0 condition qu&rsquo;ils acceptent de garder ces informations confidentielles. Nous pouvons \u00e9galement divulguer vos informations lorsque la loi l&rsquo;exige.  <\/p>\n<p data-start=\"1702\" data-end=\"1722\"><strong data-start=\"1702\" data-end=\"1722\">5. S\u00e9curit\u00e9 des donn\u00e9es<\/strong><\/p>\n<p data-start=\"1724\" data-end=\"1988\">Nous mettons en \u0153uvre des mesures techniques et organisationnelles appropri\u00e9es pour prot\u00e9ger vos donn\u00e9es \u00e0 caract\u00e8re personnel contre tout acc\u00e8s, modification, divulgation ou destruction non autoris\u00e9s. Malgr\u00e9 ces mesures, aucune transmission de donn\u00e9es sur l&rsquo;internet ne peut \u00eatre garantie comme \u00e9tant totalement s\u00fbre. <\/p>\n<p data-start=\"1990\" data-end=\"2008\"><strong data-start=\"1990\" data-end=\"2008\">6. Vos droits<\/strong><\/p>\n<p data-start=\"2010\" data-end=\"2032\">Vous avez le droit de :<\/p>\n<ul data-start=\"2034\" data-end=\"2308\">\n<li data-start=\"2034\" data-end=\"2061\">Acc\u00e9der \u00e0 vos donn\u00e9es personnelles<\/li>\n<li data-start=\"2062\" data-end=\"2101\">Rectifier des donn\u00e9es inexactes ou incompl\u00e8tes<\/li>\n<li data-start=\"2102\" data-end=\"2137\">Demander la suppression de vos donn\u00e9es<\/li>\n<li data-start=\"2138\" data-end=\"2189\">S&rsquo;opposer au traitement de vos donn\u00e9es ou le restreindre<\/li>\n<li data-start=\"2190\" data-end=\"2308\">Retirer le consentement \u00e0 tout moment (sans affecter la l\u00e9galit\u00e9 du traitement fond\u00e9 sur le consentement avant son retrait).<\/li>\n<\/ul>\n<p data-start=\"2310\" data-end=\"2390\">Pour exercer ces droits, veuillez nous contacter \u00e0 l&rsquo;adresse suivante <a rel=\"noopener\" data-start=\"2357\" data-end=\"2389\">: info@abn-cleanroomtechnology.com<\/a>.<\/p>\n<p data-start=\"2392\" data-end=\"2421\"><strong data-start=\"2392\" data-end=\"2421\">7. Modifications de la pr\u00e9sente politique<\/strong><\/p>\n<p data-start=\"2423\" data-end=\"2541\">Nous pouvons mettre \u00e0 jour la pr\u00e9sente politique de confidentialit\u00e9 p\u00e9riodiquement. Toute modification sera publi\u00e9e sur cette page avec une date de r\u00e9vision actualis\u00e9e. <\/p>\n<p data-start=\"2543\" data-end=\"2560\"><strong data-start=\"2543\" data-end=\"2560\">8. Contactez nous<\/strong><\/p>\n<p data-start=\"2562\" data-end=\"2644\">Si vous avez des questions ou des pr\u00e9occupations concernant la pr\u00e9sente politique de confidentialit\u00e9, veuillez nous contacter \u00e0 l&rsquo;adresse suivante<\/p>\n<p data-start=\"2646\" data-end=\"2788\">ABN Cleanroom Technology NV<br data-start=\"2673\" data-end=\"2676\">Kieleberg 1<br data-start=\"2687\" data-end=\"2690\">3740 Munsterbilzen<br data-start=\"2708\" data-end=\"2711\">Belgique<br data-start=\"2718\" data-end=\"2721\">T\u00e9l\u00e9phone : +32 (0)89 39 67 24<br data-start=\"2746\" data-end=\"2749\">Email : <a rel=\"noopener\" data-start=\"2756\" data-end=\"2788\">info@abn-cleanroomtechnology.com<\/a><\/p>\t\t\t\t\t\t\t\t<\/div>\n\t\t\t\t\t<\/div>\n\t\t\t\t<\/div>\n\t\t\t\t<\/div>\n\t\t","protected":false},"excerpt":{"rendered":"<p>Politique de confidentialit\u00e9 Politique de confidentialit\u00e9 20\/03\/2025 1. Introduction ABN Cleanroom Technology NV (\u00ab\u00a0nous\u00a0\u00bb, \u00ab\u00a0notre\u00a0\u00bb ou \u00ab\u00a0nos\u00a0\u00bb) s&rsquo;engage \u00e0 prot\u00e9ger votre vie priv\u00e9e. La pr\u00e9sente politique de confidentialit\u00e9 d\u00e9crit la mani\u00e8re dont nous recueillons, utilisons et prot\u00e9geons vos informations personnelles lorsque vous visitez notre site web ou utilisez nos services. 2. Collecte des donn\u00e9es Nous [&hellip;]<\/p>\n","protected":false},"author":2,"featured_media":0,"parent":0,"menu_order":100,"comment_status":"closed","ping_status":"closed","template":"","meta":{"footnotes":""},"class_list":["post-5791","page","type-page","status-publish","hentry"],"_links":{"self":[{"href":"https:\/\/www.abn-cleanroomtechnology.com\/fr\/wp-json\/wp\/v2\/pages\/5791","targetHints":{"allow":["GET"]}}],"collection":[{"href":"https:\/\/www.abn-cleanroomtechnology.com\/fr\/wp-json\/wp\/v2\/pages"}],"about":[{"href":"https:\/\/www.abn-cleanroomtechnology.com\/fr\/wp-json\/wp\/v2\/types\/page"}],"author":[{"embeddable":true,"href":"https:\/\/www.abn-cleanroomtechnology.com\/fr\/wp-json\/wp\/v2\/users\/2"}],"replies":[{"embeddable":true,"href":"https:\/\/www.abn-cleanroomtechnology.com\/fr\/wp-json\/wp\/v2\/comments?post=5791"}],"version-history":[{"count":2,"href":"https:\/\/www.abn-cleanroomtechnology.com\/fr\/wp-json\/wp\/v2\/pages\/5791\/revisions"}],"predecessor-version":[{"id":5796,"href":"https:\/\/www.abn-cleanroomtechnology.com\/fr\/wp-json\/wp\/v2\/pages\/5791\/revisions\/5796"}],"wp:attachment":[{"href":"https:\/\/www.abn-cleanroomtechnology.com\/fr\/wp-json\/wp\/v2\/media?parent=5791"}],"curies":[{"name":"wp","href":"https:\/\/api.w.org\/{rel}","templated":true}]}}