{"id":5760,"date":"2025-08-19T08:53:59","date_gmt":"2025-08-19T08:53:59","guid":{"rendered":"https:\/\/www.abn-cleanroomtechnology.com\/?page_id=5760"},"modified":"2026-02-11T09:18:07","modified_gmt":"2026-02-11T09:18:07","slug":"solutions","status":"publish","type":"page","link":"https:\/\/www.abn-cleanroomtechnology.com\/fr\/solutions\/","title":{"rendered":"Solutions"},"content":{"rendered":"\t\t<div data-elementor-type=\"wp-page\" data-elementor-id=\"5760\" class=\"elementor elementor-5760 elementor-3119\" data-elementor-post-type=\"page\">\n\t\t\t\t<div class=\"elementor-element elementor-element-cd0f461 e-flex e-con-boxed e-con e-parent\" data-id=\"cd0f461\" data-element_type=\"container\" data-e-type=\"container\">\n\t\t\t\t\t<div class=\"e-con-inner\">\n\t\t<div class=\"elementor-element elementor-element-6a8c0c2 e-con-full e-flex e-con e-child\" data-id=\"6a8c0c2\" data-element_type=\"container\" data-e-type=\"container\" data-settings=\"{&quot;background_background&quot;:&quot;classic&quot;}\">\n\t\t\t\t<div class=\"elementor-element elementor-element-5e5821f elementor-widget elementor-widget-heading\" data-id=\"5e5821f\" data-element_type=\"widget\" data-e-type=\"widget\" data-widget_type=\"heading.default\">\n\t\t\t\t\t<h1 class=\"elementor-heading-title elementor-size-default\">Produits<\/h1>\t\t\t\t<\/div>\n\t\t\t\t<\/div>\n\t\t\t\t\t<\/div>\n\t\t\t\t<\/div>\n\t\t<div class=\"elementor-element elementor-element-905a165 e-flex e-con-boxed e-con e-parent\" data-id=\"905a165\" data-element_type=\"container\" data-e-type=\"container\">\n\t\t\t\t\t<div class=\"e-con-inner\">\n\t\t<div class=\"elementor-element elementor-element-89a529d e-con-full e-flex e-con e-child\" data-id=\"89a529d\" data-element_type=\"container\" data-e-type=\"container\">\n\t\t\t\t<div class=\"elementor-element elementor-element-411d4ab elementor-widget elementor-widget-heading\" data-id=\"411d4ab\" data-element_type=\"widget\" data-e-type=\"widget\" data-widget_type=\"heading.default\">\n\t\t\t\t\t<h2 class=\"elementor-heading-title elementor-size-default\">Nos produits pour salles blanches<\/h2>\t\t\t\t<\/div>\n\t\t\t\t<div class=\"elementor-element elementor-element-aae11ec elementor-widget elementor-widget-text-editor\" data-id=\"aae11ec\" data-element_type=\"widget\" data-e-type=\"widget\" data-widget_type=\"text-editor.default\">\n\t\t\t\t\t\t\t\t\t<p>Chez ABN Cleanroom Technology, nous proposons une gamme compl\u00e8te de produits pour salles blanches con\u00e7us pour r\u00e9pondre aux besoins sp\u00e9cifiques de votre secteur. Nous d\u00e9veloppons des salles blanches sur mesure en utilisant notre approche modulaire Adaptus. Cette m\u00e9thode vous offre un maximum de flexibilit\u00e9, d&rsquo;\u00e9volutivit\u00e9 et de conformit\u00e9 aux normes internationales les plus strictes.  <\/p><p>Nous proposons \u00e9galement des salles blanches standardis\u00e9es, rapidement disponibles et rentables. Elles constituent le choix id\u00e9al lorsque la rapidit\u00e9 de livraison est primordiale. Avec les deux options, vous b\u00e9n\u00e9ficiez d&rsquo;innovations brevet\u00e9es, d&rsquo;une conception durable et d&rsquo;une exp\u00e9rience \u00e9prouv\u00e9e en mati\u00e8re de solutions de salles blanches fiables.  <\/p>\t\t\t\t\t\t\t\t<\/div>\n\t\t\t\t<\/div>\n\t\t\t\t\t<\/div>\n\t\t\t\t<\/div>\n\t\t<div class=\"elementor-element elementor-element-9902771 e-grid e-con-boxed e-con e-parent\" data-id=\"9902771\" data-element_type=\"container\" data-e-type=\"container\">\n\t\t\t\t\t<div class=\"e-con-inner\">\n\t\t<div class=\"elementor-element elementor-element-9d5b2f4 e-con-full e-flex e-con e-child\" data-id=\"9d5b2f4\" data-element_type=\"container\" data-e-type=\"container\">\n\t\t\t\t<div class=\"elementor-element elementor-element-ec46343 elementor-widget elementor-widget-heading\" data-id=\"ec46343\" data-element_type=\"widget\" data-e-type=\"widget\" data-widget_type=\"heading.default\">\n\t\t\t\t\t<h2 class=\"elementor-heading-title elementor-size-default\">Solutions personnalis\u00e9es pour salles blanches<\/h2>\t\t\t\t<\/div>\n\t\t\t\t<div class=\"elementor-element elementor-element-692d4c3 elementor-widget elementor-widget-text-editor\" data-id=\"692d4c3\" data-element_type=\"widget\" data-e-type=\"widget\" data-widget_type=\"text-editor.default\">\n\t\t\t\t\t\t\t\t\t<p>Nos solutions de salles blanches personnalis\u00e9es reposent sur l&rsquo;approche modulaire Adaptus. Cette m\u00e9thode nous permet de concevoir et de fournir des installations enti\u00e8rement adapt\u00e9es \u00e0 vos processus. La flexibilit\u00e9 et l&rsquo;\u00e9volutivit\u00e9 restent au c\u0153ur de nos solutions. Chaque salle blanche r\u00e9pond aux normes internationales les plus strictes, y compris les classifications ISO et les exigences cGMP. Elles garantissent ainsi une conformit\u00e9 totale, m\u00eame pour les applications les plus exigeantes.    <\/p>\t\t\t\t\t\t\t\t<\/div>\n\t\t\t\t<div class=\"elementor-element elementor-element-7cfe4bf elementor-mobile-align-center elementor-align-left elementor-widget elementor-widget-button\" data-id=\"7cfe4bf\" data-element_type=\"widget\" data-e-type=\"widget\" data-widget_type=\"button.default\">\n\t\t\t\t\t\t\t\t\t\t<a class=\"elementor-button elementor-button-link elementor-size-sm elementor-animation-grow\" href=\"https:\/\/www.abn-cleanroomtechnology.com\/products\/custom-cleanroom-solutions\/\">\n\t\t\t\t\t\t<span class=\"elementor-button-content-wrapper\">\n\t\t\t\t\t\t\t\t\t<span class=\"elementor-button-text\">D\u00e9couvrez les salles blanches sur mesure<\/span>\n\t\t\t\t\t<\/span>\n\t\t\t\t\t<\/a>\n\t\t\t\t\t\t\t\t<\/div>\n\t\t\t\t<\/div>\n\t\t\t\t<div class=\"elementor-element elementor-element-90c4652 elementor-widget elementor-widget-image\" data-id=\"90c4652\" data-element_type=\"widget\" data-e-type=\"widget\" data-widget_type=\"image.default\">\n\t\t\t\t\t\t\t\t\t\t\t\t\t\t\t<img fetchpriority=\"high\" decoding=\"async\" width=\"800\" height=\"534\" src=\"https:\/\/www.abn-cleanroomtechnology.com\/wp-content\/uploads\/2025\/03\/ABNCT-website-03.jpg\" class=\"attachment-large size-large wp-image-5634\" alt=\"Salle blanche\" srcset=\"https:\/\/www.abn-cleanroomtechnology.com\/wp-content\/uploads\/2025\/03\/ABNCT-website-03.jpg 1024w, https:\/\/www.abn-cleanroomtechnology.com\/wp-content\/uploads\/2025\/03\/ABNCT-website-03-300x200.jpg 300w, https:\/\/www.abn-cleanroomtechnology.com\/wp-content\/uploads\/2025\/03\/ABNCT-website-03-768x512.jpg 768w\" sizes=\"(max-width: 800px) 100vw, 800px\" \/>\t\t\t\t\t\t\t\t\t\t\t\t\t\t\t<\/div>\n\t\t\t\t<div class=\"elementor-element elementor-element-8e92514 elementor-widget elementor-widget-image\" data-id=\"8e92514\" data-element_type=\"widget\" data-e-type=\"widget\" data-widget_type=\"image.default\">\n\t\t\t\t\t\t\t\t\t\t\t\t\t\t\t<img decoding=\"async\" width=\"750\" height=\"469\" src=\"https:\/\/www.abn-cleanroomtechnology.com\/wp-content\/uploads\/2025\/03\/Denps-1.jpg\" class=\"attachment-large size-large wp-image-5761\" alt=\"Projet de r\u00e9f\u00e9rence - Denps\" srcset=\"https:\/\/www.abn-cleanroomtechnology.com\/wp-content\/uploads\/2025\/03\/Denps-1.jpg 750w, https:\/\/www.abn-cleanroomtechnology.com\/wp-content\/uploads\/2025\/03\/Denps-1-300x188.jpg 300w\" sizes=\"(max-width: 750px) 100vw, 750px\" \/>\t\t\t\t\t\t\t\t\t\t\t\t\t\t\t<\/div>\n\t\t<div class=\"elementor-element elementor-element-36eda20 e-con-full e-flex e-con e-child\" data-id=\"36eda20\" data-element_type=\"container\" data-e-type=\"container\">\n\t\t\t\t<div class=\"elementor-element elementor-element-42a9c93 elementor-widget elementor-widget-heading\" data-id=\"42a9c93\" data-element_type=\"widget\" data-e-type=\"widget\" data-widget_type=\"heading.default\">\n\t\t\t\t\t<h2 class=\"elementor-heading-title elementor-size-default\">Salles blanches pr\u00eates \u00e0 l'emploi<\/h2>\t\t\t\t<\/div>\n\t\t\t\t<div class=\"elementor-element elementor-element-6e7cc03 elementor-widget elementor-widget-text-editor\" data-id=\"6e7cc03\" data-element_type=\"widget\" data-e-type=\"widget\" data-widget_type=\"text-editor.default\">\n\t\t\t\t\t\t\t\t\t<p data-start=\"1462\" data-end=\"1913\">Nos salles blanches sont standardis\u00e9es et con\u00e7ues \u00e0 l&rsquo;avance. Elles sont donc rapidement livr\u00e9es et faciles \u00e0 installer. Malgr\u00e9 leur disponibilit\u00e9 rapide, elles r\u00e9pondent aux classifications ISO strictes et aux directives cGMP. Vous b\u00e9n\u00e9ficiez ainsi d&rsquo;une solution de salle blanche fiable et conforme lorsque la rapidit\u00e9 est essentielle.   <\/p>\t\t\t\t\t\t\t\t<\/div>\n\t\t\t\t<div class=\"elementor-element elementor-element-d8d68fe elementor-mobile-align-center elementor-align-left elementor-widget elementor-widget-button\" data-id=\"d8d68fe\" data-element_type=\"widget\" data-e-type=\"widget\" data-widget_type=\"button.default\">\n\t\t\t\t\t\t\t\t\t\t<a class=\"elementor-button elementor-button-link elementor-size-sm elementor-animation-grow\" href=\"https:\/\/www.abn-cleanroomtechnology.com\/products\/off-the-shelf-cleanrooms\/\">\n\t\t\t\t\t\t<span class=\"elementor-button-content-wrapper\">\n\t\t\t\t\t\t\t\t\t<span class=\"elementor-button-text\">D\u00e9couvrez les salles blanches pr\u00eates \u00e0 l'emploi<\/span>\n\t\t\t\t\t<\/span>\n\t\t\t\t\t<\/a>\n\t\t\t\t\t\t\t\t<\/div>\n\t\t\t\t<\/div>\n\t\t\t\t\t<\/div>\n\t\t\t\t<\/div>\n\t\t<div class=\"elementor-element elementor-element-c13d36e e-flex e-con-boxed e-con e-parent\" data-id=\"c13d36e\" data-element_type=\"container\" data-e-type=\"container\">\n\t\t\t\t\t<div class=\"e-con-inner\">\n\t\t\t\t\t<\/div>\n\t\t\t\t<\/div>\n\t\t<div class=\"elementor-element elementor-element-59f4511 e-flex e-con-boxed e-con e-parent\" data-id=\"59f4511\" data-element_type=\"container\" data-e-type=\"container\">\n\t\t\t\t\t<div class=\"e-con-inner\">\n\t\t\t\t\t<\/div>\n\t\t\t\t<\/div>\n\t\t\t\t<\/div>\n\t\t","protected":false},"excerpt":{"rendered":"<p>Produits Nos produits pour salles blanches Chez ABN Cleanroom Technology, nous proposons une gamme compl\u00e8te de produits pour salles blanches con\u00e7us pour r\u00e9pondre aux besoins sp\u00e9cifiques de votre secteur. Nous d\u00e9veloppons des salles blanches sur mesure en utilisant notre approche modulaire Adaptus. Cette m\u00e9thode vous offre un maximum de flexibilit\u00e9, d&rsquo;\u00e9volutivit\u00e9 et de conformit\u00e9 aux [&hellip;]<\/p>\n","protected":false},"author":4,"featured_media":0,"parent":0,"menu_order":1,"comment_status":"closed","ping_status":"closed","template":"","meta":{"footnotes":""},"class_list":["post-5760","page","type-page","status-publish","hentry"],"yoast_head":"<!-- This site is optimized with the Yoast SEO Premium plugin v27.5 (Yoast SEO v27.5) - https:\/\/yoast.com\/product\/yoast-seo-premium-wordpress\/ -->\n<title>Produits pour salles blanches | ABN Cleanroom Technology<\/title>\n<meta name=\"description\" content=\"Produits ABN pour salles blanches : solutions ADAPTUS sur mesure ou salles blanches pr\u00eates \u00e0 l&#039;emploi. Flexibles, conformes et construites selon les normes ISO et cGMP.\" \/>\n<meta name=\"robots\" content=\"index, follow, max-snippet:-1, max-image-preview:large, max-video-preview:-1\" \/>\n<link rel=\"canonical\" href=\"https:\/\/www.abn-cleanroomtechnology.com\/fr\/solutions\/\" \/>\n<meta property=\"og:locale\" content=\"fr_FR\" \/>\n<meta property=\"og:type\" content=\"article\" \/>\n<meta property=\"og:title\" content=\"Solutions\" \/>\n<meta property=\"og:description\" content=\"Produits ABN pour salles blanches : solutions ADAPTUS sur mesure ou salles blanches pr\u00eates \u00e0 l&#039;emploi. Flexibles, conformes et construites selon les normes ISO et cGMP.\" \/>\n<meta property=\"og:url\" content=\"https:\/\/www.abn-cleanroomtechnology.com\/fr\/solutions\/\" \/>\n<meta property=\"og:site_name\" content=\"ABN Cleanroom Technology\" \/>\n<meta property=\"article:modified_time\" content=\"2026-02-11T09:18:07+00:00\" \/>\n<meta property=\"og:image\" content=\"https:\/\/www.abn-cleanroomtechnology.com\/wp-content\/uploads\/2025\/03\/ABNCT-website-03.jpg\" \/>\n<meta name=\"twitter:card\" content=\"summary_large_image\" \/>\n<meta name=\"twitter:label1\" content=\"Dur\u00e9e de lecture estim\u00e9e\" \/>\n\t<meta name=\"twitter:data1\" content=\"1 minute\" \/>\n<script type=\"application\/ld+json\" class=\"yoast-schema-graph\">{\"@context\":\"https:\\\/\\\/schema.org\",\"@graph\":[{\"@type\":\"WebPage\",\"@id\":\"https:\\\/\\\/www.abn-cleanroomtechnology.com\\\/fr\\\/solutions\\\/\",\"url\":\"https:\\\/\\\/www.abn-cleanroomtechnology.com\\\/fr\\\/solutions\\\/\",\"name\":\"Produits pour salles blanches | ABN Cleanroom Technology\",\"isPartOf\":{\"@id\":\"https:\\\/\\\/www.abn-cleanroomtechnology.com\\\/#website\"},\"primaryImageOfPage\":{\"@id\":\"https:\\\/\\\/www.abn-cleanroomtechnology.com\\\/fr\\\/solutions\\\/#primaryimage\"},\"image\":{\"@id\":\"https:\\\/\\\/www.abn-cleanroomtechnology.com\\\/fr\\\/solutions\\\/#primaryimage\"},\"thumbnailUrl\":\"https:\\\/\\\/www.abn-cleanroomtechnology.com\\\/wp-content\\\/uploads\\\/2025\\\/03\\\/ABNCT-website-03.jpg\",\"datePublished\":\"2025-08-19T08:53:59+00:00\",\"dateModified\":\"2026-02-11T09:18:07+00:00\",\"description\":\"Produits ABN pour salles blanches : solutions ADAPTUS sur mesure ou salles blanches pr\u00eates \u00e0 l'emploi. Flexibles, conformes et construites selon les normes ISO et cGMP.\",\"breadcrumb\":{\"@id\":\"https:\\\/\\\/www.abn-cleanroomtechnology.com\\\/fr\\\/solutions\\\/#breadcrumb\"},\"inLanguage\":\"fr-FR\",\"potentialAction\":[{\"@type\":\"ReadAction\",\"target\":[\"https:\\\/\\\/www.abn-cleanroomtechnology.com\\\/fr\\\/solutions\\\/\"]}]},{\"@type\":\"ImageObject\",\"inLanguage\":\"fr-FR\",\"@id\":\"https:\\\/\\\/www.abn-cleanroomtechnology.com\\\/fr\\\/solutions\\\/#primaryimage\",\"url\":\"https:\\\/\\\/www.abn-cleanroomtechnology.com\\\/wp-content\\\/uploads\\\/2025\\\/03\\\/ABNCT-website-03.jpg\",\"contentUrl\":\"https:\\\/\\\/www.abn-cleanroomtechnology.com\\\/wp-content\\\/uploads\\\/2025\\\/03\\\/ABNCT-website-03.jpg\"},{\"@type\":\"BreadcrumbList\",\"@id\":\"https:\\\/\\\/www.abn-cleanroomtechnology.com\\\/fr\\\/solutions\\\/#breadcrumb\",\"itemListElement\":[{\"@type\":\"ListItem\",\"position\":1,\"name\":\"Home\",\"item\":\"https:\\\/\\\/www.abn-cleanroomtechnology.com\\\/fr\\\/\"},{\"@type\":\"ListItem\",\"position\":2,\"name\":\"Solutions\"}]},{\"@type\":\"WebSite\",\"@id\":\"https:\\\/\\\/www.abn-cleanroomtechnology.com\\\/#website\",\"url\":\"https:\\\/\\\/www.abn-cleanroomtechnology.com\\\/\",\"name\":\"ABN Cleanroom Technology\",\"description\":\"Leading CTO+ cleanroom solutions\",\"publisher\":{\"@id\":\"https:\\\/\\\/www.abn-cleanroomtechnology.com\\\/#organization\"},\"potentialAction\":[{\"@type\":\"SearchAction\",\"target\":{\"@type\":\"EntryPoint\",\"urlTemplate\":\"https:\\\/\\\/www.abn-cleanroomtechnology.com\\\/?s={search_term_string}\"},\"query-input\":{\"@type\":\"PropertyValueSpecification\",\"valueRequired\":true,\"valueName\":\"search_term_string\"}}],\"inLanguage\":\"fr-FR\"},{\"@type\":\"Organization\",\"@id\":\"https:\\\/\\\/www.abn-cleanroomtechnology.com\\\/#organization\",\"name\":\"ABN Cleanroom Technology\",\"url\":\"https:\\\/\\\/www.abn-cleanroomtechnology.com\\\/\",\"logo\":{\"@type\":\"ImageObject\",\"inLanguage\":\"fr-FR\",\"@id\":\"https:\\\/\\\/www.abn-cleanroomtechnology.com\\\/#\\\/schema\\\/logo\\\/image\\\/\",\"url\":\"https:\\\/\\\/www.abn-cleanroomtechnology.com\\\/wp-content\\\/uploads\\\/2025\\\/02\\\/LOGO-ABN-Cleanroom-Technology.webp\",\"contentUrl\":\"https:\\\/\\\/www.abn-cleanroomtechnology.com\\\/wp-content\\\/uploads\\\/2025\\\/02\\\/LOGO-ABN-Cleanroom-Technology.webp\",\"width\":225,\"height\":60,\"caption\":\"ABN Cleanroom Technology\"},\"image\":{\"@id\":\"https:\\\/\\\/www.abn-cleanroomtechnology.com\\\/#\\\/schema\\\/logo\\\/image\\\/\"},\"sameAs\":[\"https:\\\/\\\/www.linkedin.com\\\/company\\\/10122154\\\/\"]}]}<\/script>\n<!-- \/ Yoast SEO Premium plugin. -->","yoast_head_json":{"title":"Produits pour salles blanches | ABN Cleanroom Technology","description":"Produits ABN pour salles blanches : solutions ADAPTUS sur mesure ou salles blanches pr\u00eates \u00e0 l'emploi. Flexibles, conformes et construites selon les normes ISO et cGMP.","robots":{"index":"index","follow":"follow","max-snippet":"max-snippet:-1","max-image-preview":"max-image-preview:large","max-video-preview":"max-video-preview:-1"},"canonical":"https:\/\/www.abn-cleanroomtechnology.com\/fr\/solutions\/","og_locale":"fr_FR","og_type":"article","og_title":"Solutions","og_description":"Produits ABN pour salles blanches : solutions ADAPTUS sur mesure ou salles blanches pr\u00eates \u00e0 l'emploi. Flexibles, conformes et construites selon les normes ISO et cGMP.","og_url":"https:\/\/www.abn-cleanroomtechnology.com\/fr\/solutions\/","og_site_name":"ABN Cleanroom Technology","article_modified_time":"2026-02-11T09:18:07+00:00","og_image":[{"url":"https:\/\/www.abn-cleanroomtechnology.com\/wp-content\/uploads\/2025\/03\/ABNCT-website-03.jpg","type":"","width":"","height":""}],"twitter_card":"summary_large_image","twitter_misc":{"Dur\u00e9e de lecture estim\u00e9e":"1 minute"},"schema":{"@context":"https:\/\/schema.org","@graph":[{"@type":"WebPage","@id":"https:\/\/www.abn-cleanroomtechnology.com\/fr\/solutions\/","url":"https:\/\/www.abn-cleanroomtechnology.com\/fr\/solutions\/","name":"Produits pour salles blanches | ABN Cleanroom Technology","isPartOf":{"@id":"https:\/\/www.abn-cleanroomtechnology.com\/#website"},"primaryImageOfPage":{"@id":"https:\/\/www.abn-cleanroomtechnology.com\/fr\/solutions\/#primaryimage"},"image":{"@id":"https:\/\/www.abn-cleanroomtechnology.com\/fr\/solutions\/#primaryimage"},"thumbnailUrl":"https:\/\/www.abn-cleanroomtechnology.com\/wp-content\/uploads\/2025\/03\/ABNCT-website-03.jpg","datePublished":"2025-08-19T08:53:59+00:00","dateModified":"2026-02-11T09:18:07+00:00","description":"Produits ABN pour salles blanches : solutions ADAPTUS sur mesure ou salles blanches pr\u00eates \u00e0 l'emploi. Flexibles, conformes et construites selon les normes ISO et cGMP.","breadcrumb":{"@id":"https:\/\/www.abn-cleanroomtechnology.com\/fr\/solutions\/#breadcrumb"},"inLanguage":"fr-FR","potentialAction":[{"@type":"ReadAction","target":["https:\/\/www.abn-cleanroomtechnology.com\/fr\/solutions\/"]}]},{"@type":"ImageObject","inLanguage":"fr-FR","@id":"https:\/\/www.abn-cleanroomtechnology.com\/fr\/solutions\/#primaryimage","url":"https:\/\/www.abn-cleanroomtechnology.com\/wp-content\/uploads\/2025\/03\/ABNCT-website-03.jpg","contentUrl":"https:\/\/www.abn-cleanroomtechnology.com\/wp-content\/uploads\/2025\/03\/ABNCT-website-03.jpg"},{"@type":"BreadcrumbList","@id":"https:\/\/www.abn-cleanroomtechnology.com\/fr\/solutions\/#breadcrumb","itemListElement":[{"@type":"ListItem","position":1,"name":"Home","item":"https:\/\/www.abn-cleanroomtechnology.com\/fr\/"},{"@type":"ListItem","position":2,"name":"Solutions"}]},{"@type":"WebSite","@id":"https:\/\/www.abn-cleanroomtechnology.com\/#website","url":"https:\/\/www.abn-cleanroomtechnology.com\/","name":"ABN Cleanroom Technology","description":"Leading CTO+ cleanroom solutions","publisher":{"@id":"https:\/\/www.abn-cleanroomtechnology.com\/#organization"},"potentialAction":[{"@type":"SearchAction","target":{"@type":"EntryPoint","urlTemplate":"https:\/\/www.abn-cleanroomtechnology.com\/?s={search_term_string}"},"query-input":{"@type":"PropertyValueSpecification","valueRequired":true,"valueName":"search_term_string"}}],"inLanguage":"fr-FR"},{"@type":"Organization","@id":"https:\/\/www.abn-cleanroomtechnology.com\/#organization","name":"ABN Cleanroom Technology","url":"https:\/\/www.abn-cleanroomtechnology.com\/","logo":{"@type":"ImageObject","inLanguage":"fr-FR","@id":"https:\/\/www.abn-cleanroomtechnology.com\/#\/schema\/logo\/image\/","url":"https:\/\/www.abn-cleanroomtechnology.com\/wp-content\/uploads\/2025\/02\/LOGO-ABN-Cleanroom-Technology.webp","contentUrl":"https:\/\/www.abn-cleanroomtechnology.com\/wp-content\/uploads\/2025\/02\/LOGO-ABN-Cleanroom-Technology.webp","width":225,"height":60,"caption":"ABN Cleanroom Technology"},"image":{"@id":"https:\/\/www.abn-cleanroomtechnology.com\/#\/schema\/logo\/image\/"},"sameAs":["https:\/\/www.linkedin.com\/company\/10122154\/"]}]}},"_links":{"self":[{"href":"https:\/\/www.abn-cleanroomtechnology.com\/fr\/wp-json\/wp\/v2\/pages\/5760","targetHints":{"allow":["GET"]}}],"collection":[{"href":"https:\/\/www.abn-cleanroomtechnology.com\/fr\/wp-json\/wp\/v2\/pages"}],"about":[{"href":"https:\/\/www.abn-cleanroomtechnology.com\/fr\/wp-json\/wp\/v2\/types\/page"}],"author":[{"embeddable":true,"href":"https:\/\/www.abn-cleanroomtechnology.com\/fr\/wp-json\/wp\/v2\/users\/4"}],"replies":[{"embeddable":true,"href":"https:\/\/www.abn-cleanroomtechnology.com\/fr\/wp-json\/wp\/v2\/comments?post=5760"}],"version-history":[{"count":6,"href":"https:\/\/www.abn-cleanroomtechnology.com\/fr\/wp-json\/wp\/v2\/pages\/5760\/revisions"}],"predecessor-version":[{"id":6383,"href":"https:\/\/www.abn-cleanroomtechnology.com\/fr\/wp-json\/wp\/v2\/pages\/5760\/revisions\/6383"}],"wp:attachment":[{"href":"https:\/\/www.abn-cleanroomtechnology.com\/fr\/wp-json\/wp\/v2\/media?parent=5760"}],"curies":[{"name":"wp","href":"https:\/\/api.w.org\/{rel}","templated":true}]}}