{"id":3870,"date":"2025-03-20T10:17:40","date_gmt":"2025-03-20T10:17:40","guid":{"rendered":"https:\/\/www.abn-cleanroomtechnology.com\/datenschutzrichtlinie\/"},"modified":"2026-02-03T12:16:27","modified_gmt":"2026-02-03T12:16:27","slug":"datenschutzrichtlinie","status":"publish","type":"page","link":"https:\/\/www.abn-cleanroomtechnology.com\/de\/datenschutzrichtlinie\/","title":{"rendered":"Datenschutzrichtlinie"},"content":{"rendered":"\t\t<div data-elementor-type=\"wp-page\" data-elementor-id=\"3870\" class=\"elementor elementor-3870 elementor-1641\" data-elementor-post-type=\"page\">\n\t\t\t\t<div class=\"elementor-element elementor-element-15f1d370 e-flex e-con-boxed e-con e-parent\" data-id=\"15f1d370\" data-element_type=\"container\" data-e-type=\"container\">\n\t\t\t\t\t<div class=\"e-con-inner\">\n\t\t<div class=\"elementor-element elementor-element-5d221e15 e-con-full e-flex e-con e-child\" data-id=\"5d221e15\" data-element_type=\"container\" data-e-type=\"container\" data-settings=\"{&quot;background_background&quot;:&quot;classic&quot;}\">\n\t\t\t\t<div class=\"elementor-element elementor-element-3e0f46f5 elementor-widget elementor-widget-heading\" data-id=\"3e0f46f5\" data-element_type=\"widget\" data-e-type=\"widget\" data-widget_type=\"heading.default\">\n\t\t\t\t\t<h1 class=\"elementor-heading-title elementor-size-default\">Datenschutzrichtlinie<\/h1>\t\t\t\t<\/div>\n\t\t\t\t<\/div>\n\t\t\t\t\t<\/div>\n\t\t\t\t<\/div>\n\t\t<div class=\"elementor-element elementor-element-5175f66a e-flex e-con-boxed e-con e-parent\" data-id=\"5175f66a\" data-element_type=\"container\" data-e-type=\"container\">\n\t\t\t\t\t<div class=\"e-con-inner\">\n\t\t\t\t<div class=\"elementor-element elementor-element-72b45f5d elementor-widget elementor-widget-heading\" data-id=\"72b45f5d\" data-element_type=\"widget\" data-e-type=\"widget\" data-widget_type=\"heading.default\">\n\t\t\t\t\t<h2 class=\"elementor-heading-title elementor-size-default\">Datenschutzrichtlinie<\/h2>\t\t\t\t<\/div>\n\t\t\t\t<div class=\"elementor-element elementor-element-411e9618 elementor-widget elementor-widget-text-editor\" data-id=\"411e9618\" data-element_type=\"widget\" data-e-type=\"widget\" data-widget_type=\"text-editor.default\">\n\t\t\t\t\t\t\t\t\t<p data-start=\"248\" data-end=\"267\">20\/03\/2025<\/p>\n<p data-start=\"248\" data-end=\"267\"><strong data-start=\"248\" data-end=\"267\">1. Einf\u00fchrung<\/strong><\/p>\n<p data-start=\"269\" data-end=\"506\">ABN Cleanroom Technology NV (\u201ewir,\u201c \u201eunser,\u201c oder \u201euns\u201c) setzt sich f\u00fcr den Schutz Ihrer Privatsph\u00e4re ein. Diese Datenschutzrichtlinie beschreibt, wie wir Ihre pers\u00f6nlichen Daten erfassen, nutzen und sch\u00fctzen, wenn Sie unsere Website besuchen oder unsere Dienste nutzen. <\/p>\n<p data-start=\"508\" data-end=\"530\"><strong data-start=\"508\" data-end=\"530\">2. Datenerhebung<\/strong><\/p>\n<p data-start=\"532\" data-end=\"674\">Wir k\u00f6nnen personenbezogene Daten erfassen, die Sie uns freiwillig zur Verf\u00fcgung stellen, wie z. B. Ihren Namen, Ihre E-Mail-Adresse, Telefonnummer und Unternehmensdaten, wenn Sie:<\/p>\n<ul data-start=\"676\" data-end=\"786\">\n<li data-start=\"676\" data-end=\"700\">Kontaktformulare ausf\u00fcllen<\/li>\n<li data-start=\"701\" data-end=\"727\">Newsletter abonnieren<\/li>\n<li data-start=\"728\" data-end=\"759\">Informationen oder Angebote anfordern<\/li>\n<li data-start=\"760\" data-end=\"786\">Unsere Dienste nutzen<\/li>\n<\/ul>\n<p data-start=\"788\" data-end=\"1043\">Dar\u00fcber hinaus k\u00f6nnen wir nicht-personenbezogene Daten erfassen, einschlie\u00dflich Browsertypen, IP-Adressen und den Domainnamen von Websites, \u00fcber die Sie auf unsere Website zugegriffen haben. Diese Informationen werden aggregiert und zur Verbesserung der Funktionalit\u00e4t und des Nutzererlebnisses unserer Website verwendet. <\/p>\n<p data-start=\"1045\" data-end=\"1072\"><strong data-start=\"1045\" data-end=\"1072\">3. Verwendung personenbezogener Daten<\/strong><\/p>\n<p data-start=\"1074\" data-end=\"1142\">Die von uns erfassten personenbezogenen Daten k\u00f6nnen f\u00fcr die folgenden Zwecke verwendet werden:<\/p>\n<ul data-start=\"1144\" data-end=\"1362\">\n<li data-start=\"1144\" data-end=\"1174\">Beantwortung Ihrer Anfragen<\/li>\n<li data-start=\"1175\" data-end=\"1220\">Bereitstellung angeforderter Dienste oder Informationen<\/li>\n<li data-start=\"1221\" data-end=\"1290\">Versand von Newslettern oder Werbematerialien (sofern Sie zugestimmt haben)<\/li>\n<li data-start=\"1291\" data-end=\"1327\">Verbesserung unserer Website und Dienste<\/li>\n<li data-start=\"1328\" data-end=\"1362\">Einhaltung gesetzlicher Verpflichtungen<\/li>\n<\/ul>\n<p data-start=\"1364\" data-end=\"1383\"><strong data-start=\"1364\" data-end=\"1383\">4. Datenweitergabe<\/strong><\/p>\n<p data-start=\"1385\" data-end=\"1700\">Wir verkaufen, handeln oder vermieten Ihre personenbezogenen Daten nicht an Dritte. Allerdings k\u00f6nnen wir Ihre Informationen an vertrauensw\u00fcrdige Partner weitergeben, die uns beim Betrieb unserer Website und der F\u00fchrung unseres Gesch\u00e4fts unterst\u00fctzen, vorausgesetzt, sie stimmen zu, diese Informationen vertraulich zu behandeln. Wir k\u00f6nnen Ihre Informationen auch offenlegen, wenn dies gesetzlich vorgeschrieben ist.  <\/p>\n<p data-start=\"1702\" data-end=\"1722\"><strong data-start=\"1702\" data-end=\"1722\">5. Datensicherheit<\/strong><\/p>\n<p data-start=\"1724\" data-end=\"1988\">Wir implementieren geeignete technische und organisatorische Ma\u00dfnahmen, um Ihre personenbezogenen Daten vor unbefugtem Zugriff, \u00c4nderung, Offenlegung oder Zerst\u00f6rung zu sch\u00fctzen. Trotz dieser Ma\u00dfnahmen kann keine Daten\u00fcbertragung \u00fcber das Internet als vollst\u00e4ndig sicher garantiert werden. <\/p>\n<p data-start=\"1990\" data-end=\"2008\"><strong data-start=\"1990\" data-end=\"2008\">6. Ihre Rechte<\/strong><\/p>\n<p data-start=\"2010\" data-end=\"2032\">Sie haben das Recht:<\/p>\n<ul data-start=\"2034\" data-end=\"2308\">\n<li data-start=\"2034\" data-end=\"2061\">Auf Ihre personenbezogenen Daten zuzugreifen<\/li>\n<li data-start=\"2062\" data-end=\"2101\">Ungenaue oder unvollst\u00e4ndige Daten zu berichtigen<\/li>\n<li data-start=\"2102\" data-end=\"2137\">L\u00f6schung Ihrer Daten beantragen<\/li>\n<li data-start=\"2138\" data-end=\"2189\">Der Verarbeitung Ihrer Daten widersprechen oder diese einschr\u00e4nken<\/li>\n<li data-start=\"2190\" data-end=\"2308\">Einwilligung jederzeit widerrufen (ohne die Rechtm\u00e4\u00dfigkeit der aufgrund der Einwilligung bis zum Widerruf erfolgten Verarbeitung zu ber\u00fchren)<\/li>\n<\/ul>\n<p data-start=\"2310\" data-end=\"2390\">Um diese Rechte auszu\u00fcben, kontaktieren Sie uns bitte unter <a rel=\"noopener\" data-start=\"2357\" data-end=\"2389\">info@abn-cleanroomtechnology.com<\/a>.<\/p>\n<p data-start=\"2392\" data-end=\"2421\"><strong data-start=\"2392\" data-end=\"2421\">7. \u00c4nderungen an dieser Richtlinie<\/strong><\/p>\n<p data-start=\"2423\" data-end=\"2541\">Wir k\u00f6nnen diese Datenschutzrichtlinie regelm\u00e4\u00dfig aktualisieren. Alle \u00c4nderungen werden auf dieser Seite mit einem aktualisierten Revisionsdatum ver\u00f6ffentlicht. <\/p>\n<p data-start=\"2543\" data-end=\"2560\"><strong data-start=\"2543\" data-end=\"2560\">8. Kontaktieren Sie uns<\/strong><\/p>\n<p data-start=\"2562\" data-end=\"2644\">Wenn Sie Fragen oder Bedenken bez\u00fcglich dieser Datenschutzrichtlinie haben, kontaktieren Sie uns bitte unter:<\/p>\n<p data-start=\"2646\" data-end=\"2788\">ABN Cleanroom Technology NV<br data-start=\"2673\" data-end=\"2676\">Kieleberg 1<br data-start=\"2687\" data-end=\"2690\">3740 Munsterbilzen<br data-start=\"2708\" data-end=\"2711\">Belgien<br data-start=\"2718\" data-end=\"2721\">Telefon: +32 (0)89 39 67 24<br data-start=\"2746\" data-end=\"2749\">E-Mail: <a rel=\"noopener\" data-start=\"2756\" data-end=\"2788\">info@abn-cleanroomtechnology.com<\/a><\/p>\t\t\t\t\t\t\t\t<\/div>\n\t\t\t\t\t<\/div>\n\t\t\t\t<\/div>\n\t\t\t\t<\/div>\n\t\t","protected":false},"excerpt":{"rendered":"<p>Datenschutzrichtlinie Datenschutzrichtlinie 20\/03\/2025 1. Einf\u00fchrung ABN Cleanroom Technology NV (\u201ewir,\u201c \u201eunser,\u201c oder \u201euns\u201c) setzt sich f\u00fcr den Schutz Ihrer Privatsph\u00e4re ein. Diese Datenschutzrichtlinie beschreibt, wie wir Ihre pers\u00f6nlichen Daten erfassen, nutzen und sch\u00fctzen, wenn Sie unsere Website besuchen oder unsere Dienste nutzen. 2. Datenerhebung Wir k\u00f6nnen personenbezogene Daten erfassen, die Sie uns freiwillig zur Verf\u00fcgung [&hellip;]<\/p>\n","protected":false},"author":2,"featured_media":0,"parent":0,"menu_order":100,"comment_status":"closed","ping_status":"closed","template":"","meta":{"footnotes":""},"class_list":["post-3870","page","type-page","status-publish","hentry"],"_links":{"self":[{"href":"https:\/\/www.abn-cleanroomtechnology.com\/de\/wp-json\/wp\/v2\/pages\/3870","targetHints":{"allow":["GET"]}}],"collection":[{"href":"https:\/\/www.abn-cleanroomtechnology.com\/de\/wp-json\/wp\/v2\/pages"}],"about":[{"href":"https:\/\/www.abn-cleanroomtechnology.com\/de\/wp-json\/wp\/v2\/types\/page"}],"author":[{"embeddable":true,"href":"https:\/\/www.abn-cleanroomtechnology.com\/de\/wp-json\/wp\/v2\/users\/2"}],"replies":[{"embeddable":true,"href":"https:\/\/www.abn-cleanroomtechnology.com\/de\/wp-json\/wp\/v2\/comments?post=3870"}],"version-history":[{"count":3,"href":"https:\/\/www.abn-cleanroomtechnology.com\/de\/wp-json\/wp\/v2\/pages\/3870\/revisions"}],"predecessor-version":[{"id":5788,"href":"https:\/\/www.abn-cleanroomtechnology.com\/de\/wp-json\/wp\/v2\/pages\/3870\/revisions\/5788"}],"wp:attachment":[{"href":"https:\/\/www.abn-cleanroomtechnology.com\/de\/wp-json\/wp\/v2\/media?parent=3870"}],"curies":[{"name":"wp","href":"https:\/\/api.w.org\/{rel}","templated":true}]}}